{"id":9,"date":"2020-01-02T16:23:14","date_gmt":"2020-01-02T15:23:14","guid":{"rendered":"http:\/\/enjdfux.cluster028.hosting.ovh.net\/?page_id=9"},"modified":"2023-05-11T22:21:46","modified_gmt":"2023-05-11T20:21:46","slug":"les-prestations","status":"publish","type":"page","link":"https:\/\/www.fightnform.fr\/index.php\/les-prestations\/","title":{"rendered":"Prestations"},"content":{"rendered":"\t\t<div data-elementor-type=\"wp-page\" data-elementor-id=\"9\" class=\"elementor elementor-9\">\n\t\t\t\t\t\t<section class=\"elementor-section elementor-top-section elementor-element elementor-element-52ae2f0e elementor-section-boxed elementor-section-height-default elementor-section-height-default\" data-id=\"52ae2f0e\" data-element_type=\"section\" data-e-type=\"section\">\n\t\t\t\t\t\t<div class=\"elementor-container elementor-column-gap-default\">\n\t\t\t\t\t<div class=\"elementor-column elementor-col-100 elementor-top-column elementor-element elementor-element-47dd0bfc\" data-id=\"47dd0bfc\" data-element_type=\"column\" data-e-type=\"column\">\n\t\t\t<div class=\"elementor-widget-wrap elementor-element-populated\">\n\t\t\t\t\t\t<div class=\"elementor-element elementor-element-7dff0eee elementor-widget elementor-widget-text-editor\" data-id=\"7dff0eee\" data-element_type=\"widget\" data-e-type=\"widget\" data-widget_type=\"text-editor.default\">\n\t\t\t\t<div class=\"elementor-widget-container\">\n\t\t\t\t\t\t\t\t\t<p>Edouard Bernadou propose des s\u00e9ances et suivis haut de gamme, personnalis\u00e9s et adapt\u00e9s \u00e0 vos besoins. Quelque soit votre niveau, votre objectif, votre d\u00e9marche, il vous propose un accompagnement sur mesure afin de vous faire atteindre vos objectifs gr\u00e2ce \u00e0 son expertise et le type de coaching exclusif d\u00e9livr\u00e9\u00a0:<\/p>\n\n<ul class=\"wp-block-list\">\n<li>Objectifs physiques, transformation\/remise en forme<\/li>\n<li>Pr\u00e9paration mentale\/mindset<\/li>\n<li>Booster votre hygi\u00e8ne de vie par l&rsquo;alimentation, et les bonnes attitudes et habitudes saines<\/li>\n<li>Sp\u00e9cialiste sports de combat, d\u00e9fense\/d\u00e9foulement\/acquisition technique\u2026<\/li>\n<li>Gestion du stress, des \u00e9motions<\/li>\n<li>Hypnoth\u00e9rapie : addictions, ancrages, maximiser le potentiel\u2026<\/li>\n<\/ul>\n<p><\/p>\n<p>Dans cette optique, il vous propose trois types d\u2019accompagnement:<\/p>\n<p><\/p>\n<ul class=\"wp-block-list\">\n<li>Coaching individuels et small group (particuliers et entreprises)<\/li>\n<li>Suivis pr\u00e9sentiels et \u00e0 distance (visio)<\/li>\n<li>Coaching immersif pr\u00e9sentiel affaires \/ loisirs haut de gamme<\/li>\n<\/ul>\n<p>Egalement Edouard intervient en tant que conf\u00e9rencier et coach expert dans vos conf\u00e9rences et s\u00e9minaires afin de d\u00e9livrer son exp\u00e9rience et expertise de sportif de haut niveau<\/p>\n<p>Pour aller plus loin, nous vous invitons \u00e0 aller voir les <a href=\"https:\/\/www.fightnform.fr\/index.php\/temoignages\/\">R\u00e9sultats et T\u00e9moignages<\/a>. Pour tout compl\u00e9ment d&rsquo;informations, n&rsquo;h\u00e9sitez pas \u00e0 <a href=\"https:\/\/www.fightnform.fr\/index.php\/contact\/\">contacter Edouard<\/a>.<\/p>\n<p><\/p>\t\t\t\t\t\t\t\t<\/div>\n\t\t\t\t<\/div>\n\t\t\t\t\t<\/div>\n\t\t<\/div>\n\t\t\t\t\t<\/div>\n\t\t<\/section>\n\t\t\t\t<section class=\"elementor-section elementor-top-section elementor-element elementor-element-93d75a8 elementor-section-boxed elementor-section-height-default elementor-section-height-default\" data-id=\"93d75a8\" data-element_type=\"section\" data-e-type=\"section\">\n\t\t\t\t\t\t<div class=\"elementor-container elementor-column-gap-default\">\n\t\t\t\t\t<div class=\"elementor-column elementor-col-100 elementor-top-column elementor-element elementor-element-50cb975\" data-id=\"50cb975\" data-element_type=\"column\" data-e-type=\"column\">\n\t\t\t<div class=\"elementor-widget-wrap elementor-element-populated\">\n\t\t\t\t\t\t<div class=\"elementor-element elementor-element-28a107d elementor-widget elementor-widget-image\" data-id=\"28a107d\" data-element_type=\"widget\" data-e-type=\"widget\" data-widget_type=\"image.default\">\n\t\t\t\t<div class=\"elementor-widget-container\">\n\t\t\t\t\t\t\t\t\t\t\t\t\t\t\t<img fetchpriority=\"high\" decoding=\"async\" width=\"768\" height=\"512\" src=\"https:\/\/www.fightnform.fr\/wp-content\/uploads\/2020\/01\/IMG_7231-768x512.jpg\" class=\"attachment-medium_large size-medium_large wp-image-96\" alt=\"FIGHT N FORM coaching sportif personnalis\u00e9 \u00e0 Montauban\" srcset=\"https:\/\/www.fightnform.fr\/wp-content\/uploads\/2020\/01\/IMG_7231-768x512.jpg 768w, https:\/\/www.fightnform.fr\/wp-content\/uploads\/2020\/01\/IMG_7231-300x200.jpg 300w, https:\/\/www.fightnform.fr\/wp-content\/uploads\/2020\/01\/IMG_7231-1024x683.jpg 1024w, https:\/\/www.fightnform.fr\/wp-content\/uploads\/2020\/01\/IMG_7231-1536x1024.jpg 1536w, https:\/\/www.fightnform.fr\/wp-content\/uploads\/2020\/01\/IMG_7231-2048x1365.jpg 2048w\" sizes=\"(max-width: 768px) 100vw, 768px\" \/>\t\t\t\t\t\t\t\t\t\t\t\t\t\t\t<\/div>\n\t\t\t\t<\/div>\n\t\t\t\t\t<\/div>\n\t\t<\/div>\n\t\t\t\t\t<\/div>\n\t\t<\/section>\n\t\t\t\t<\/div>\n\t\t","protected":false},"excerpt":{"rendered":"<p>Edouard Bernadou propose des s\u00e9ances et suivis haut de gamme, personnalis\u00e9s et adapt\u00e9s \u00e0 vos besoins. Quelque soit votre niveau, votre objectif, votre d\u00e9marche, il vous propose un accompagnement sur mesure afin de vous faire atteindre vos objectifs gr\u00e2ce \u00e0 son expertise et le type de coaching exclusif d\u00e9livr\u00e9\u00a0: Objectifs physiques, transformation\/remise en forme Pr\u00e9paration [&hellip;]<\/p>\n","protected":false},"author":1,"featured_media":0,"parent":0,"menu_order":0,"comment_status":"closed","ping_status":"closed","template":"","meta":{"ocean_post_layout":"","ocean_both_sidebars_style":"","ocean_both_sidebars_content_width":0,"ocean_both_sidebars_sidebars_width":0,"ocean_sidebar":"0","ocean_second_sidebar":"0","ocean_disable_margins":"enable","ocean_add_body_class":"","ocean_shortcode_before_top_bar":"","ocean_shortcode_after_top_bar":"","ocean_shortcode_before_header":"","ocean_shortcode_after_header":"","ocean_has_shortcode":"","ocean_shortcode_after_title":"","ocean_shortcode_before_footer_widgets":"","ocean_shortcode_after_footer_widgets":"","ocean_shortcode_before_footer_bottom":"","ocean_shortcode_after_footer_bottom":"","ocean_display_top_bar":"default","ocean_display_header":"default","ocean_header_style":"","ocean_center_header_left_menu":"0","ocean_custom_header_template":"0","ocean_custom_logo":0,"ocean_custom_retina_logo":0,"ocean_custom_logo_max_width":0,"ocean_custom_logo_tablet_max_width":0,"ocean_custom_logo_mobile_max_width":0,"ocean_custom_logo_max_height":0,"ocean_custom_logo_tablet_max_height":0,"ocean_custom_logo_mobile_max_height":0,"ocean_header_custom_menu":"0","ocean_menu_typo_font_family":"0","ocean_menu_typo_font_subset":"","ocean_menu_typo_font_size":0,"ocean_menu_typo_font_size_tablet":0,"ocean_menu_typo_font_size_mobile":0,"ocean_menu_typo_font_size_unit":"px","ocean_menu_typo_font_weight":"","ocean_menu_typo_font_weight_tablet":"","ocean_menu_typo_font_weight_mobile":"","ocean_menu_typo_transform":"","ocean_menu_typo_transform_tablet":"","ocean_menu_typo_transform_mobile":"","ocean_menu_typo_line_height":0,"ocean_menu_typo_line_height_tablet":0,"ocean_menu_typo_line_height_mobile":0,"ocean_menu_typo_line_height_unit":"","ocean_menu_typo_spacing":0,"ocean_menu_typo_spacing_tablet":0,"ocean_menu_typo_spacing_mobile":0,"ocean_menu_typo_spacing_unit":"","ocean_menu_link_color":"","ocean_menu_link_color_hover":"","ocean_menu_link_color_active":"","ocean_menu_link_background":"","ocean_menu_link_hover_background":"","ocean_menu_link_active_background":"","ocean_menu_social_links_bg":"","ocean_menu_social_hover_links_bg":"","ocean_menu_social_links_color":"","ocean_menu_social_hover_links_color":"","ocean_disable_title":"default","ocean_disable_heading":"default","ocean_post_title":"","ocean_post_subheading":"","ocean_post_title_style":"","ocean_post_title_background_color":"","ocean_post_title_background":0,"ocean_post_title_bg_image_position":"","ocean_post_title_bg_image_attachment":"","ocean_post_title_bg_image_repeat":"","ocean_post_title_bg_image_size":"","ocean_post_title_height":0,"ocean_post_title_bg_overlay":0.5,"ocean_post_title_bg_overlay_color":"","ocean_disable_breadcrumbs":"default","ocean_breadcrumbs_color":"","ocean_breadcrumbs_separator_color":"","ocean_breadcrumbs_links_color":"","ocean_breadcrumbs_links_hover_color":"","ocean_display_footer_widgets":"default","ocean_display_footer_bottom":"default","ocean_custom_footer_template":"0","footnotes":""},"class_list":["post-9","page","type-page","status-publish","hentry","entry"],"_links":{"self":[{"href":"https:\/\/www.fightnform.fr\/index.php\/wp-json\/wp\/v2\/pages\/9","targetHints":{"allow":["GET"]}}],"collection":[{"href":"https:\/\/www.fightnform.fr\/index.php\/wp-json\/wp\/v2\/pages"}],"about":[{"href":"https:\/\/www.fightnform.fr\/index.php\/wp-json\/wp\/v2\/types\/page"}],"author":[{"embeddable":true,"href":"https:\/\/www.fightnform.fr\/index.php\/wp-json\/wp\/v2\/users\/1"}],"replies":[{"embeddable":true,"href":"https:\/\/www.fightnform.fr\/index.php\/wp-json\/wp\/v2\/comments?post=9"}],"version-history":[{"count":17,"href":"https:\/\/www.fightnform.fr\/index.php\/wp-json\/wp\/v2\/pages\/9\/revisions"}],"predecessor-version":[{"id":336,"href":"https:\/\/www.fightnform.fr\/index.php\/wp-json\/wp\/v2\/pages\/9\/revisions\/336"}],"wp:attachment":[{"href":"https:\/\/www.fightnform.fr\/index.php\/wp-json\/wp\/v2\/media?parent=9"}],"curies":[{"name":"wp","href":"https:\/\/api.w.org\/{rel}","templated":true}]}}