{"id":7,"date":"2020-01-02T16:10:05","date_gmt":"2020-01-02T15:10:05","guid":{"rendered":"http:\/\/enjdfux.cluster028.hosting.ovh.net\/?page_id=7"},"modified":"2024-01-13T16:33:14","modified_gmt":"2024-01-13T15:33:14","slug":"le-coach","status":"publish","type":"page","link":"https:\/\/www.fightnform.fr\/","title":{"rendered":"Edouard Bernadou"},"content":{"rendered":"\t\t<div data-elementor-type=\"wp-page\" data-elementor-id=\"7\" class=\"elementor elementor-7\">\n\t\t\t\t\t\t<section class=\"elementor-section elementor-top-section elementor-element elementor-element-6a0f43e elementor-section-boxed elementor-section-height-default elementor-section-height-default\" data-id=\"6a0f43e\" data-element_type=\"section\" data-e-type=\"section\">\n\t\t\t\t\t\t<div class=\"elementor-container elementor-column-gap-default\">\n\t\t\t\t\t<div class=\"elementor-column elementor-col-100 elementor-top-column elementor-element elementor-element-a8342fa\" data-id=\"a8342fa\" data-element_type=\"column\" data-e-type=\"column\">\n\t\t\t<div class=\"elementor-widget-wrap elementor-element-populated\">\n\t\t\t\t\t\t<div class=\"elementor-element elementor-element-2b88cc1 elementor-widget elementor-widget-wp-widget-text\" data-id=\"2b88cc1\" data-element_type=\"widget\" data-e-type=\"widget\" data-widget_type=\"wp-widget-text.default\">\n\t\t\t\t<div class=\"elementor-widget-container\">\n\t\t\t\t\t\t\t\t<div class=\"textwidget\"><p>Edouard Bernadou est Coach, boxeur professionnel et cr\u00e9ateur des concepts \u00ab\u00a0FIGHT N FORM\u00a0\u00bb et \u00ab\u00a0Edouard Bernadou Coaching\u00a0\u00bb. Depuis plus 15 ans, Il propose ses services de coach pour vous accompagner dans la r\u00e9alisation de vos objectifs de vie.<\/p>\n<p>Edouard a suivi plus de 800 personnes en coaching individuel et r\u00e9alis\u00e9 de nombreuses interventions en entreprises, clubs de boxe et salles de fitness.<\/p>\n<\/div>\n\t\t\t\t\t\t<\/div>\n\t\t\t\t<\/div>\n\t\t\t\t\t<\/div>\n\t\t<\/div>\n\t\t\t\t\t<\/div>\n\t\t<\/section>\n\t\t\t\t<section class=\"elementor-section elementor-top-section elementor-element elementor-element-4afe51ba elementor-reverse-tablet elementor-reverse-mobile elementor-section-boxed elementor-section-height-default elementor-section-height-default\" data-id=\"4afe51ba\" data-element_type=\"section\" data-e-type=\"section\">\n\t\t\t\t\t\t<div class=\"elementor-container elementor-column-gap-default\">\n\t\t\t\t\t<div class=\"elementor-column elementor-col-50 elementor-top-column elementor-element elementor-element-65fe4b3d\" data-id=\"65fe4b3d\" data-element_type=\"column\" data-e-type=\"column\">\n\t\t\t<div class=\"elementor-widget-wrap elementor-element-populated\">\n\t\t\t\t\t\t<div class=\"elementor-element elementor-element-fec18fc elementor-widget elementor-widget-wp-widget-text\" data-id=\"fec18fc\" data-element_type=\"widget\" data-e-type=\"widget\" data-widget_type=\"wp-widget-text.default\">\n\t\t\t\t<div class=\"elementor-widget-container\">\n\t\t\t\t\t\t\t\t<div class=\"textwidget\"><p>Il est intervenu aupr\u00e8s de nombreuses entreprises et partenaires tels que:<\/p>\n<ul>\n<li>Winamax, plateforme de poker et paris sportifs online et live<\/li>\n<li>L&rsquo;\u00e9quipe nationale norv\u00e9gienne de boxe pieds-poings<\/li>\n<li>Camp biche, maison d&rsquo;h\u00f4tes internationale de standing<\/li>\n<li>Couleur golf Montauban<\/li>\n<li>Urban fit Montauban<\/li>\n<li>Mercedes hamecher<\/li>\n<li>P\u00f4le fitness<\/li>\n<li>Crossfit Montauban<\/li>\n<li>Alterego sports<\/li>\n<\/ul>\n<p>ainsi que des personnalit\u00e9s, artistes, champions\u00a0:<\/p>\n<ul>\n<li>Andr\u00e9as Freestyle- football freestyle<\/li>\n<li>Pierre calamusa -poker<\/li>\n<li>Sylvain Loosli-Poker<\/li>\n<li>Olivier Madelrieux-coach\/entrepreneur<\/li>\n<li>Gian Marco Tavani-entrepreneur\/t\u00e9l\u00e9-r\u00e9alit\u00e9<\/li>\n<li>Lord Esperanza- Artiste<\/li>\n<li>Mickael Egwurube\u00a0: entrepreneur-conferencier-formateur<\/li>\n<\/ul>\n<\/div>\n\t\t\t\t\t\t<\/div>\n\t\t\t\t<\/div>\n\t\t\t\t<div class=\"elementor-element elementor-element-6ec0a03a elementor-widget elementor-widget-text-editor\" data-id=\"6ec0a03a\" data-element_type=\"widget\" data-e-type=\"widget\" data-widget_type=\"text-editor.default\">\n\t\t\t\t<div class=\"elementor-widget-container\">\n\t\t\t\t\t\t\t\t\t\n<h2 class=\"wp-block-heading\">Palmar\u00e8s Sportif<\/h2>\n\n<ul class=\"wp-block-list\">\n<li>4 fois champion du monde de Full-contact<\/li>\n<li>3 fois champion du monde de Kickboxing<\/li>\n<li>Champion du monde de K1<\/li>\n<li>Champion du monde de boxe Tha\u00eflandaise<\/li>\n<li>Champion d&rsquo;europe de Kickboxing<\/li>\n<li>7 fois champion de france de Kickboxing, boxe Birmane lethwei, boxe Tha\u00eflandaise\u2026<\/li>\n<li>Ceinture noire 1er dan: Muay-tha\u00ef \/ boxe birmane<\/li>\n<\/ul>\n\n<h2 class=\"wp-block-heading\">Dipl\u00f4mes et qualifications<\/h2>\n\n<ul class=\"wp-block-list\">\n<li>Formation coach APR- Coach en Developpement Personnel<\/li>\n<li>Hypnoth\u00e9rapeute certifi\u00e9<\/li>\n<li>LNF Pr\u00e9parateur Mental<\/li>\n<li>DE JEPS perfectionnement sportif mention Muay-Tha\u00ef<\/li>\n<li>Licence staps entra\u00eenement sportif<\/li>\n<li>BTS management des unit\u00e9s commerciales<\/li>\n<\/ul>\n\n<p>\u00a0<\/p>\n\t\t\t\t\t\t\t\t<\/div>\n\t\t\t\t<\/div>\n\t\t\t\t\t<\/div>\n\t\t<\/div>\n\t\t\t\t<div class=\"elementor-column elementor-col-50 elementor-top-column elementor-element elementor-element-7d4c96f\" data-id=\"7d4c96f\" data-element_type=\"column\" data-e-type=\"column\">\n\t\t\t<div class=\"elementor-widget-wrap elementor-element-populated\">\n\t\t\t\t\t\t<div class=\"elementor-element elementor-element-84c02fd elementor-widget elementor-widget-image\" data-id=\"84c02fd\" data-element_type=\"widget\" data-e-type=\"widget\" data-widget_type=\"image.default\">\n\t\t\t\t<div class=\"elementor-widget-container\">\n\t\t\t\t\t\t\t\t\t\t\t\t\t\t\t<img fetchpriority=\"high\" decoding=\"async\" width=\"740\" height=\"1024\" src=\"https:\/\/www.fightnform.fr\/wp-content\/uploads\/2020\/01\/edouard_bernadou_fight_n_form_titres-740x1024.jpg\" class=\"attachment-large size-large wp-image-141\" alt=\"FIGHT N FORM - Edouard Bernadou - Champion du monde de boxe\" srcset=\"https:\/\/www.fightnform.fr\/wp-content\/uploads\/2020\/01\/edouard_bernadou_fight_n_form_titres-740x1024.jpg 740w, https:\/\/www.fightnform.fr\/wp-content\/uploads\/2020\/01\/edouard_bernadou_fight_n_form_titres-217x300.jpg 217w, https:\/\/www.fightnform.fr\/wp-content\/uploads\/2020\/01\/edouard_bernadou_fight_n_form_titres-768x1063.jpg 768w, https:\/\/www.fightnform.fr\/wp-content\/uploads\/2020\/01\/edouard_bernadou_fight_n_form_titres-1109x1536.jpg 1109w, https:\/\/www.fightnform.fr\/wp-content\/uploads\/2020\/01\/edouard_bernadou_fight_n_form_titres-1479x2048.jpg 1479w, https:\/\/www.fightnform.fr\/wp-content\/uploads\/2020\/01\/edouard_bernadou_fight_n_form_titres.jpg 1727w\" sizes=\"(max-width: 740px) 100vw, 740px\" \/>\t\t\t\t\t\t\t\t\t\t\t\t\t\t\t<\/div>\n\t\t\t\t<\/div>\n\t\t\t\t\t<\/div>\n\t\t<\/div>\n\t\t\t\t\t<\/div>\n\t\t<\/section>\n\t\t\t\t<section class=\"elementor-section elementor-top-section elementor-element elementor-element-9349995 elementor-section-boxed elementor-section-height-default elementor-section-height-default\" data-id=\"9349995\" data-element_type=\"section\" data-e-type=\"section\">\n\t\t\t\t\t\t<div class=\"elementor-container elementor-column-gap-default\">\n\t\t\t\t\t<div class=\"elementor-column elementor-col-100 elementor-top-column elementor-element elementor-element-afa8ff4\" data-id=\"afa8ff4\" data-element_type=\"column\" data-e-type=\"column\">\n\t\t\t<div class=\"elementor-widget-wrap elementor-element-populated\">\n\t\t\t\t\t\t<div class=\"elementor-element elementor-element-19ea4d4 elementor-widget elementor-widget-heading\" data-id=\"19ea4d4\" data-element_type=\"widget\" data-e-type=\"widget\" data-widget_type=\"heading.default\">\n\t\t\t\t<div class=\"elementor-widget-container\">\n\t\t\t\t\t<h2 class=\"elementor-heading-title elementor-size-default\">D\u00e9couvrez Edouard en vid\u00e9o avec GREG MMA<\/h2>\t\t\t\t<\/div>\n\t\t\t\t<\/div>\n\t\t\t\t<div class=\"elementor-element elementor-element-a583557 elementor-widget__width-initial elementor-widget elementor-widget-video\" data-id=\"a583557\" data-element_type=\"widget\" data-e-type=\"widget\" data-settings=\"{&quot;youtube_url&quot;:&quot;https:\\\/\\\/youtu.be\\\/ETiGbnd4ZAY&quot;,&quot;video_type&quot;:&quot;youtube&quot;,&quot;controls&quot;:&quot;yes&quot;}\" data-widget_type=\"video.default\">\n\t\t\t\t<div class=\"elementor-widget-container\">\n\t\t\t\t\t\t\t<div class=\"elementor-wrapper elementor-open-inline\">\n\t\t\t<div class=\"elementor-video\"><\/div>\t\t<\/div>\n\t\t\t\t\t\t<\/div>\n\t\t\t\t<\/div>\n\t\t\t\t\t<\/div>\n\t\t<\/div>\n\t\t\t\t\t<\/div>\n\t\t<\/section>\n\t\t\t\t<section class=\"elementor-section elementor-top-section elementor-element elementor-element-c73399f elementor-section-boxed elementor-section-height-default elementor-section-height-default\" data-id=\"c73399f\" data-element_type=\"section\" data-e-type=\"section\">\n\t\t\t\t\t\t<div class=\"elementor-container elementor-column-gap-default\">\n\t\t\t\t\t<div class=\"elementor-column elementor-col-50 elementor-top-column elementor-element elementor-element-37b8f59\" data-id=\"37b8f59\" data-element_type=\"column\" data-e-type=\"column\">\n\t\t\t<div class=\"elementor-widget-wrap elementor-element-populated\">\n\t\t\t\t\t\t<div class=\"elementor-element elementor-element-93f7e4d elementor-widget elementor-widget-heading\" data-id=\"93f7e4d\" data-element_type=\"widget\" data-e-type=\"widget\" data-widget_type=\"heading.default\">\n\t\t\t\t<div class=\"elementor-widget-container\">\n\t\t\t\t\t<h2 class=\"elementor-heading-title elementor-size-default\"><a href=\"https:\/\/bit.ly\/2xZrscf\" target=\"_blank\" rel=\"noopener\"><u>Et sur MentorShow:<\/u><\/a><\/h2>\t\t\t\t<\/div>\n\t\t\t\t<\/div>\n\t\t\t\t\t<\/div>\n\t\t<\/div>\n\t\t\t\t<div class=\"elementor-column elementor-col-50 elementor-top-column elementor-element elementor-element-36bba15\" data-id=\"36bba15\" data-element_type=\"column\" data-e-type=\"column\">\n\t\t\t<div class=\"elementor-widget-wrap elementor-element-populated\">\n\t\t\t\t\t\t<div class=\"elementor-element elementor-element-4bf8270 elementor-widget elementor-widget-image\" data-id=\"4bf8270\" data-element_type=\"widget\" data-e-type=\"widget\" data-widget_type=\"image.default\">\n\t\t\t\t<div class=\"elementor-widget-container\">\n\t\t\t\t\t\t\t\t\t\t\t\t\t\t\t\t<a href=\"https:\/\/bit.ly\/2xZrscf\" target=\"_blank\" rel=\"noopener\">\n\t\t\t\t\t\t\t<img decoding=\"async\" width=\"300\" height=\"251\" src=\"https:\/\/www.fightnform.fr\/wp-content\/uploads\/2023\/05\/Masterclass-Mentorshow-300x251.jpg\" class=\"attachment-medium size-medium wp-image-306\" alt=\"Edouard Bernadou Mentor show\" srcset=\"https:\/\/www.fightnform.fr\/wp-content\/uploads\/2023\/05\/Masterclass-Mentorshow-300x251.jpg 300w, https:\/\/www.fightnform.fr\/wp-content\/uploads\/2023\/05\/Masterclass-Mentorshow-1024x855.jpg 1024w, https:\/\/www.fightnform.fr\/wp-content\/uploads\/2023\/05\/Masterclass-Mentorshow-768x641.jpg 768w, https:\/\/www.fightnform.fr\/wp-content\/uploads\/2023\/05\/Masterclass-Mentorshow.jpg 1080w\" sizes=\"(max-width: 300px) 100vw, 300px\" \/>\t\t\t\t\t\t\t\t<\/a>\n\t\t\t\t\t\t\t\t\t\t\t\t\t\t\t<\/div>\n\t\t\t\t<\/div>\n\t\t\t\t\t<\/div>\n\t\t<\/div>\n\t\t\t\t\t<\/div>\n\t\t<\/section>\n\t\t\t\t<section class=\"elementor-section elementor-top-section elementor-element elementor-element-efc61cc elementor-section-boxed elementor-section-height-default elementor-section-height-default\" data-id=\"efc61cc\" data-element_type=\"section\" data-e-type=\"section\">\n\t\t\t\t\t\t<div class=\"elementor-container elementor-column-gap-default\">\n\t\t\t\t\t<div class=\"elementor-column elementor-col-100 elementor-top-column elementor-element elementor-element-95fe866\" data-id=\"95fe866\" data-element_type=\"column\" data-e-type=\"column\">\n\t\t\t<div class=\"elementor-widget-wrap elementor-element-populated\">\n\t\t\t\t\t\t<div class=\"elementor-element elementor-element-369bbc9 elementor-widget elementor-widget-heading\" data-id=\"369bbc9\" data-element_type=\"widget\" data-e-type=\"widget\" data-widget_type=\"heading.default\">\n\t\t\t\t<div class=\"elementor-widget-container\">\n\t\t\t\t\t<h2 class=\"elementor-heading-title elementor-size-default\">Pour aller plus loin...<\/h2>\t\t\t\t<\/div>\n\t\t\t\t<\/div>\n\t\t\t\t\t<\/div>\n\t\t<\/div>\n\t\t\t\t\t<\/div>\n\t\t<\/section>\n\t\t\t\t<section class=\"elementor-section elementor-top-section elementor-element elementor-element-b276862 elementor-section-boxed elementor-section-height-default elementor-section-height-default\" data-id=\"b276862\" data-element_type=\"section\" data-e-type=\"section\">\n\t\t\t\t\t\t<div class=\"elementor-container elementor-column-gap-default\">\n\t\t\t\t\t<div class=\"elementor-column elementor-col-50 elementor-top-column elementor-element elementor-element-8943e61\" data-id=\"8943e61\" data-element_type=\"column\" data-e-type=\"column\">\n\t\t\t<div class=\"elementor-widget-wrap elementor-element-populated\">\n\t\t\t\t\t\t<div class=\"elementor-element elementor-element-e08fc68 elementor-widget elementor-widget-video\" data-id=\"e08fc68\" data-element_type=\"widget\" data-e-type=\"widget\" data-settings=\"{&quot;youtube_url&quot;:&quot;https:\\\/\\\/youtu.be\\\/p0Kv05YmIuc&quot;,&quot;video_type&quot;:&quot;youtube&quot;,&quot;controls&quot;:&quot;yes&quot;}\" data-widget_type=\"video.default\">\n\t\t\t\t<div class=\"elementor-widget-container\">\n\t\t\t\t\t\t\t<div class=\"elementor-wrapper elementor-open-inline\">\n\t\t\t<div class=\"elementor-video\"><\/div>\t\t<\/div>\n\t\t\t\t\t\t<\/div>\n\t\t\t\t<\/div>\n\t\t\t\t\t<\/div>\n\t\t<\/div>\n\t\t\t\t<div class=\"elementor-column elementor-col-50 elementor-top-column elementor-element elementor-element-8e1fb68\" data-id=\"8e1fb68\" data-element_type=\"column\" data-e-type=\"column\">\n\t\t\t<div class=\"elementor-widget-wrap elementor-element-populated\">\n\t\t\t\t\t\t<div class=\"elementor-element elementor-element-b5ff581 elementor-widget elementor-widget-video\" data-id=\"b5ff581\" data-element_type=\"widget\" data-e-type=\"widget\" data-settings=\"{&quot;youtube_url&quot;:&quot;https:\\\/\\\/youtu.be\\\/xTo6VhvQUh4&quot;,&quot;video_type&quot;:&quot;youtube&quot;,&quot;controls&quot;:&quot;yes&quot;}\" data-widget_type=\"video.default\">\n\t\t\t\t<div class=\"elementor-widget-container\">\n\t\t\t\t\t\t\t<div class=\"elementor-wrapper elementor-open-inline\">\n\t\t\t<div class=\"elementor-video\"><\/div>\t\t<\/div>\n\t\t\t\t\t\t<\/div>\n\t\t\t\t<\/div>\n\t\t\t\t\t<\/div>\n\t\t<\/div>\n\t\t\t\t\t<\/div>\n\t\t<\/section>\n\t\t\t\t<\/div>\n\t\t","protected":false},"excerpt":{"rendered":"<p>Palmar\u00e8s Sportif 4 fois champion du monde de Full-contact 3 fois champion du monde de Kickboxing Champion du monde de K1 Champion du monde de boxe Tha\u00eflandaise Champion d&rsquo;europe de Kickboxing 7 fois champion de france de Kickboxing, boxe Birmane lethwei, boxe Tha\u00eflandaise\u2026 Ceinture noire 1er dan: Muay-tha\u00ef \/ boxe birmane Dipl\u00f4mes et qualifications Formation [&hellip;]<\/p>\n","protected":false},"author":1,"featured_media":0,"parent":0,"menu_order":0,"comment_status":"closed","ping_status":"closed","template":"","meta":{"ocean_post_layout":"","ocean_both_sidebars_style":"","ocean_both_sidebars_content_width":0,"ocean_both_sidebars_sidebars_width":0,"ocean_sidebar":"0","ocean_second_sidebar":"0","ocean_disable_margins":"enable","ocean_add_body_class":"","ocean_shortcode_before_top_bar":"","ocean_shortcode_after_top_bar":"","ocean_shortcode_before_header":"","ocean_shortcode_after_header":"","ocean_has_shortcode":"","ocean_shortcode_after_title":"","ocean_shortcode_before_footer_widgets":"","ocean_shortcode_after_footer_widgets":"","ocean_shortcode_before_footer_bottom":"","ocean_shortcode_after_footer_bottom":"","ocean_display_top_bar":"default","ocean_display_header":"default","ocean_header_style":"","ocean_center_header_left_menu":"0","ocean_custom_header_template":"0","ocean_custom_logo":0,"ocean_custom_retina_logo":0,"ocean_custom_logo_max_width":0,"ocean_custom_logo_tablet_max_width":0,"ocean_custom_logo_mobile_max_width":0,"ocean_custom_logo_max_height":0,"ocean_custom_logo_tablet_max_height":0,"ocean_custom_logo_mobile_max_height":0,"ocean_header_custom_menu":"0","ocean_menu_typo_font_family":"0","ocean_menu_typo_font_subset":"","ocean_menu_typo_font_size":0,"ocean_menu_typo_font_size_tablet":0,"ocean_menu_typo_font_size_mobile":0,"ocean_menu_typo_font_size_unit":"px","ocean_menu_typo_font_weight":"","ocean_menu_typo_font_weight_tablet":"","ocean_menu_typo_font_weight_mobile":"","ocean_menu_typo_transform":"","ocean_menu_typo_transform_tablet":"","ocean_menu_typo_transform_mobile":"","ocean_menu_typo_line_height":0,"ocean_menu_typo_line_height_tablet":0,"ocean_menu_typo_line_height_mobile":0,"ocean_menu_typo_line_height_unit":"","ocean_menu_typo_spacing":0,"ocean_menu_typo_spacing_tablet":0,"ocean_menu_typo_spacing_mobile":0,"ocean_menu_typo_spacing_unit":"","ocean_menu_link_color":"","ocean_menu_link_color_hover":"","ocean_menu_link_color_active":"","ocean_menu_link_background":"","ocean_menu_link_hover_background":"","ocean_menu_link_active_background":"","ocean_menu_social_links_bg":"","ocean_menu_social_hover_links_bg":"","ocean_menu_social_links_color":"","ocean_menu_social_hover_links_color":"","ocean_disable_title":"default","ocean_disable_heading":"default","ocean_post_title":"","ocean_post_subheading":"","ocean_post_title_style":"","ocean_post_title_background_color":"","ocean_post_title_background":0,"ocean_post_title_bg_image_position":"","ocean_post_title_bg_image_attachment":"","ocean_post_title_bg_image_repeat":"","ocean_post_title_bg_image_size":"","ocean_post_title_height":0,"ocean_post_title_bg_overlay":0.5,"ocean_post_title_bg_overlay_color":"","ocean_disable_breadcrumbs":"default","ocean_breadcrumbs_color":"","ocean_breadcrumbs_separator_color":"","ocean_breadcrumbs_links_color":"","ocean_breadcrumbs_links_hover_color":"","ocean_display_footer_widgets":"default","ocean_display_footer_bottom":"default","ocean_custom_footer_template":"0","footnotes":""},"class_list":["post-7","page","type-page","status-publish","hentry","entry"],"_links":{"self":[{"href":"https:\/\/www.fightnform.fr\/index.php\/wp-json\/wp\/v2\/pages\/7","targetHints":{"allow":["GET"]}}],"collection":[{"href":"https:\/\/www.fightnform.fr\/index.php\/wp-json\/wp\/v2\/pages"}],"about":[{"href":"https:\/\/www.fightnform.fr\/index.php\/wp-json\/wp\/v2\/types\/page"}],"author":[{"embeddable":true,"href":"https:\/\/www.fightnform.fr\/index.php\/wp-json\/wp\/v2\/users\/1"}],"replies":[{"embeddable":true,"href":"https:\/\/www.fightnform.fr\/index.php\/wp-json\/wp\/v2\/comments?post=7"}],"version-history":[{"count":74,"href":"https:\/\/www.fightnform.fr\/index.php\/wp-json\/wp\/v2\/pages\/7\/revisions"}],"predecessor-version":[{"id":386,"href":"https:\/\/www.fightnform.fr\/index.php\/wp-json\/wp\/v2\/pages\/7\/revisions\/386"}],"wp:attachment":[{"href":"https:\/\/www.fightnform.fr\/index.php\/wp-json\/wp\/v2\/media?parent=7"}],"curies":[{"name":"wp","href":"https:\/\/api.w.org\/{rel}","templated":true}]}}