{"id":348,"date":"2023-12-31T15:16:18","date_gmt":"2023-12-31T14:16:18","guid":{"rendered":"https:\/\/www.fightnform.fr\/?page_id=348"},"modified":"2024-01-13T15:38:37","modified_gmt":"2024-01-13T14:38:37","slug":"les-4-p","status":"publish","type":"page","link":"https:\/\/www.fightnform.fr\/index.php\/les-4-p\/","title":{"rendered":"Les 4 P"},"content":{"rendered":"\t\t<div data-elementor-type=\"wp-page\" data-elementor-id=\"348\" class=\"elementor elementor-348\">\n\t\t\t\t\t\t<section class=\"elementor-section elementor-top-section elementor-element elementor-element-f66da08 elementor-section-boxed elementor-section-height-default elementor-section-height-default\" data-id=\"f66da08\" data-element_type=\"section\" data-e-type=\"section\">\n\t\t\t\t\t\t<div class=\"elementor-container elementor-column-gap-default\">\n\t\t\t\t\t<div class=\"elementor-column elementor-col-100 elementor-top-column elementor-element elementor-element-f563896\" data-id=\"f563896\" data-element_type=\"column\" data-e-type=\"column\">\n\t\t\t<div class=\"elementor-widget-wrap elementor-element-populated\">\n\t\t\t\t\t\t<div class=\"elementor-element elementor-element-9c2089d elementor-widget elementor-widget-text-editor\" data-id=\"9c2089d\" data-element_type=\"widget\" data-e-type=\"widget\" data-widget_type=\"text-editor.default\">\n\t\t\t\t<div class=\"elementor-widget-container\">\n\t\t\t\t\t\t\t\t\t<p>Je vous pr\u00e9sente ma m\u00e9thode qui m&rsquo;a permis de devenir champion du monde plusieurs fois! Cette\u00a0m\u00e9thode \u00e9prouv\u00e9e est la cl\u00e9 de la r\u00e9alisation de tous vos objectifs. Je l&rsquo;ai appel\u00e9e la m\u00e9thode des 4 P.<\/p><p>Chaque \u00ab\u00a0P\u00a0\u00bb repr\u00e9sente un aspect cl\u00e9 \u00e0 consid\u00e9rer lors de la planification et de la mise en \u0153uvre de chaque \u00e9tape de la r\u00e9alisation de vos objectifs. Voici une br\u00e8ve explication de chaque P :<\/p><ol><li><p><strong>Pourquoi (Purpose) :<\/strong><\/p><ul><li>D\u00e9finir le but ou la raison sous-jacente \u00e0 la mise en action. Cela peut inclure des objectifs personnels tels que la perte de poids, l&rsquo;am\u00e9lioration de la sant\u00e9 cardiovasculaire, le renforcement musculaire, ou des objectifs plus larges tels que le bien-\u00eatre mental et \u00e9motionnel. Avoir un objectif clair motive et donne un sens \u00e0 l&rsquo;effort.<\/li><\/ul><\/li><li><p><strong>Plaisir (Play) :<\/strong><\/p><ul><li>Le plaisir joue un r\u00f4le cl\u00e9 dans la pers\u00e9v\u00e9rance et la continuit\u00e9 de l&rsquo;engagement. Pratiquer des activit\u00e9s qui apportent de la joie contribue \u00e0 maintenir la motivation \u00e0 long terme.<\/li><\/ul><\/li><li><p><strong>Processus (Process) :<\/strong><\/p><ul><li>Se concentrer sur le processus plut\u00f4t que uniquement sur les r\u00e9sultats. Le voyage est aussi important que la destination.<\/li><\/ul><\/li><li><p><strong>Pouvoir (Power) :<\/strong><\/p><ul><li>Am\u00e9liorer la connaissance de soi permet de gagner en contr\u00f4le et en ma\u00eetrise. Cela permet de retrouver de la souverainet\u00e9 et de trouver une capacit\u00e9 de prise de d\u00e9cision efficace.\u00a0<\/li><\/ul><\/li><\/ol><p>En vous accompagnant dans un programme mettant en oeuvre ces 4 leviers, je cr\u00e9e un environnement favorable \u00e0 la motivation, \u00e0 la pers\u00e9v\u00e9rance et \u00e0 l&rsquo;\u00e9panouissement personnel. Chaque individu \u00e9tant unique, je veille \u00e0 personnaliser l&rsquo;approche en fonction des besoins et des pr\u00e9f\u00e9rences sp\u00e9cifiques de chaque personne.<\/p>\t\t\t\t\t\t\t\t<\/div>\n\t\t\t\t<\/div>\n\t\t\t\t\t<\/div>\n\t\t<\/div>\n\t\t\t\t\t<\/div>\n\t\t<\/section>\n\t\t\t\t<\/div>\n\t\t","protected":false},"excerpt":{"rendered":"<p>Je vous pr\u00e9sente ma m\u00e9thode qui m&rsquo;a permis de devenir champion du monde plusieurs fois! Cette\u00a0m\u00e9thode \u00e9prouv\u00e9e est la cl\u00e9 de la r\u00e9alisation de tous vos objectifs. Je l&rsquo;ai appel\u00e9e la m\u00e9thode des 4 P. Chaque \u00ab\u00a0P\u00a0\u00bb repr\u00e9sente un aspect cl\u00e9 \u00e0 consid\u00e9rer lors de la planification et de la mise en \u0153uvre de chaque [&hellip;]<\/p>\n","protected":false},"author":1,"featured_media":0,"parent":0,"menu_order":0,"comment_status":"closed","ping_status":"closed","template":"","meta":{"ocean_post_layout":"","ocean_both_sidebars_style":"","ocean_both_sidebars_content_width":0,"ocean_both_sidebars_sidebars_width":0,"ocean_sidebar":"","ocean_second_sidebar":"","ocean_disable_margins":"enable","ocean_add_body_class":"","ocean_shortcode_before_top_bar":"","ocean_shortcode_after_top_bar":"","ocean_shortcode_before_header":"","ocean_shortcode_after_header":"","ocean_has_shortcode":"","ocean_shortcode_after_title":"","ocean_shortcode_before_footer_widgets":"","ocean_shortcode_after_footer_widgets":"","ocean_shortcode_before_footer_bottom":"","ocean_shortcode_after_footer_bottom":"","ocean_display_top_bar":"default","ocean_display_header":"default","ocean_header_style":"","ocean_center_header_left_menu":"","ocean_custom_header_template":"","ocean_custom_logo":0,"ocean_custom_retina_logo":0,"ocean_custom_logo_max_width":0,"ocean_custom_logo_tablet_max_width":0,"ocean_custom_logo_mobile_max_width":0,"ocean_custom_logo_max_height":0,"ocean_custom_logo_tablet_max_height":0,"ocean_custom_logo_mobile_max_height":0,"ocean_header_custom_menu":"","ocean_menu_typo_font_family":"","ocean_menu_typo_font_subset":"","ocean_menu_typo_font_size":0,"ocean_menu_typo_font_size_tablet":0,"ocean_menu_typo_font_size_mobile":0,"ocean_menu_typo_font_size_unit":"px","ocean_menu_typo_font_weight":"","ocean_menu_typo_font_weight_tablet":"","ocean_menu_typo_font_weight_mobile":"","ocean_menu_typo_transform":"","ocean_menu_typo_transform_tablet":"","ocean_menu_typo_transform_mobile":"","ocean_menu_typo_line_height":0,"ocean_menu_typo_line_height_tablet":0,"ocean_menu_typo_line_height_mobile":0,"ocean_menu_typo_line_height_unit":"","ocean_menu_typo_spacing":0,"ocean_menu_typo_spacing_tablet":0,"ocean_menu_typo_spacing_mobile":0,"ocean_menu_typo_spacing_unit":"","ocean_menu_link_color":"","ocean_menu_link_color_hover":"","ocean_menu_link_color_active":"","ocean_menu_link_background":"","ocean_menu_link_hover_background":"","ocean_menu_link_active_background":"","ocean_menu_social_links_bg":"","ocean_menu_social_hover_links_bg":"","ocean_menu_social_links_color":"","ocean_menu_social_hover_links_color":"","ocean_disable_title":"default","ocean_disable_heading":"default","ocean_post_title":"","ocean_post_subheading":"","ocean_post_title_style":"","ocean_post_title_background_color":"","ocean_post_title_background":0,"ocean_post_title_bg_image_position":"","ocean_post_title_bg_image_attachment":"","ocean_post_title_bg_image_repeat":"","ocean_post_title_bg_image_size":"","ocean_post_title_height":0,"ocean_post_title_bg_overlay":0.5,"ocean_post_title_bg_overlay_color":"","ocean_disable_breadcrumbs":"default","ocean_breadcrumbs_color":"","ocean_breadcrumbs_separator_color":"","ocean_breadcrumbs_links_color":"","ocean_breadcrumbs_links_hover_color":"","ocean_display_footer_widgets":"default","ocean_display_footer_bottom":"default","ocean_custom_footer_template":"","footnotes":""},"class_list":["post-348","page","type-page","status-publish","hentry","entry"],"_links":{"self":[{"href":"https:\/\/www.fightnform.fr\/index.php\/wp-json\/wp\/v2\/pages\/348","targetHints":{"allow":["GET"]}}],"collection":[{"href":"https:\/\/www.fightnform.fr\/index.php\/wp-json\/wp\/v2\/pages"}],"about":[{"href":"https:\/\/www.fightnform.fr\/index.php\/wp-json\/wp\/v2\/types\/page"}],"author":[{"embeddable":true,"href":"https:\/\/www.fightnform.fr\/index.php\/wp-json\/wp\/v2\/users\/1"}],"replies":[{"embeddable":true,"href":"https:\/\/www.fightnform.fr\/index.php\/wp-json\/wp\/v2\/comments?post=348"}],"version-history":[{"count":10,"href":"https:\/\/www.fightnform.fr\/index.php\/wp-json\/wp\/v2\/pages\/348\/revisions"}],"predecessor-version":[{"id":360,"href":"https:\/\/www.fightnform.fr\/index.php\/wp-json\/wp\/v2\/pages\/348\/revisions\/360"}],"wp:attachment":[{"href":"https:\/\/www.fightnform.fr\/index.php\/wp-json\/wp\/v2\/media?parent=348"}],"curies":[{"name":"wp","href":"https:\/\/api.w.org\/{rel}","templated":true}]}}